{"id":1673,"date":"2020-06-04T07:53:56","date_gmt":"2020-06-04T06:53:56","guid":{"rendered":"https:\/\/www.domia.global\/rsc\/"},"modified":"2021-08-03T15:08:33","modified_gmt":"2021-08-03T14:08:33","slug":"rsc","status":"publish","type":"page","link":"http:\/\/domia.global\/en\/rsc\/","title":{"rendered":"RSC"},"content":{"rendered":"\t\t<div data-elementor-type=\"wp-page\" data-elementor-id=\"1673\" class=\"elementor elementor-1673 elementor-266\" data-elementor-post-type=\"page\">\n\t\t\t\t\t\t<section class=\"elementor-section elementor-top-section elementor-element elementor-element-e766d8a elementor-section-stretched elementor-section-full_width elementor-section-height-min-height elementor-section-items-bottom elementor-section-height-default\" data-id=\"e766d8a\" data-element_type=\"section\" data-settings=\"{&quot;stretch_section&quot;:&quot;section-stretched&quot;,&quot;background_background&quot;:&quot;classic&quot;}\">\n\t\t\t\t\t\t<div class=\"elementor-container elementor-column-gap-default\">\n\t\t\t\t\t<div class=\"elementor-column elementor-col-100 elementor-top-column elementor-element elementor-element-7a95bc3\" data-id=\"7a95bc3\" data-element_type=\"column\">\n\t\t\t<div class=\"elementor-widget-wrap elementor-element-populated\">\n\t\t\t\t\t\t<div class=\"elementor-element elementor-element-6ff62b4 elementor-widget elementor-widget-heading\" data-id=\"6ff62b4\" data-element_type=\"widget\" data-widget_type=\"heading.default\">\n\t\t\t\t<div class=\"elementor-widget-container\">\n\t\t\t\t\t<h1 class=\"elementor-heading-title elementor-size-default\">corporate social responsibility<\/h1>\t\t\t\t<\/div>\n\t\t\t\t<\/div>\n\t\t\t\t\t<\/div>\n\t\t<\/div>\n\t\t\t\t\t<\/div>\n\t\t<\/section>\n\t\t\t\t<section class=\"elementor-section elementor-top-section elementor-element elementor-element-6c0a8c90 elementor-section-height-min-height elementor-section-boxed elementor-section-height-default elementor-section-items-middle\" data-id=\"6c0a8c90\" data-element_type=\"section\" data-settings=\"{&quot;background_background&quot;:&quot;classic&quot;}\">\n\t\t\t\t\t\t<div class=\"elementor-container elementor-column-gap-wider\">\n\t\t\t\t\t<div class=\"elementor-column elementor-col-50 elementor-top-column elementor-element elementor-element-21083798\" data-id=\"21083798\" data-element_type=\"column\">\n\t\t\t<div class=\"elementor-widget-wrap elementor-element-populated\">\n\t\t\t\t\t\t<div class=\"elementor-element elementor-element-233f87a3 elementor-widget elementor-widget-text-editor\" data-id=\"233f87a3\" data-element_type=\"widget\" data-widget_type=\"text-editor.default\">\n\t\t\t\t<div class=\"elementor-widget-container\">\n\t\t\t\t\t\t\t\t\t<p>DOMIA GLOBAL is committed to Corporate Social Responsibility and manages its business activity by regulating its impact on its customers, collaborators, local communities, the environment and society in general.<\/p>\n<p>Caring for the planet, being sustainable, supporting socio-cultural development and helping those who need it most are the goals that accompany the business goals of our company.<\/p>\n<p>As a company, we want to give back to society part of what society has offered us, and for this reason we carry out various initiatives that we hope will continue to increase.<\/p>\n\t\t\t\t\t\t\t\t<\/div>\n\t\t\t\t<\/div>\n\t\t\t\t<section class=\"elementor-section elementor-inner-section elementor-element elementor-element-2541dafd elementor-section-boxed elementor-section-height-default elementor-section-height-default\" data-id=\"2541dafd\" data-element_type=\"section\">\n\t\t\t\t\t\t<div class=\"elementor-container elementor-column-gap-wide\">\n\t\t\t\t\t<div class=\"elementor-column elementor-col-33 elementor-inner-column elementor-element elementor-element-5e4a3d35\" data-id=\"5e4a3d35\" data-element_type=\"column\">\n\t\t\t<div class=\"elementor-widget-wrap elementor-element-populated\">\n\t\t\t\t\t\t<div class=\"elementor-element elementor-element-479e2a87 elementor-view-default elementor-widget elementor-widget-icon\" data-id=\"479e2a87\" data-element_type=\"widget\" data-widget_type=\"icon.default\">\n\t\t\t\t<div class=\"elementor-widget-container\">\n\t\t\t\t\t\t\t<div class=\"elementor-icon-wrapper\">\n\t\t\t<div class=\"elementor-icon\">\n\t\t\t<svg xmlns=\"http:\/\/www.w3.org\/2000\/svg\" id=\"Layer_1\" data-name=\"Layer 1\" viewBox=\"0 0 80 80\"><defs><style>.cls-1{fill:#fff;}<\/style><\/defs><title>icones-rsc<\/title><path class=\"cls-1\" d=\"M10.09,49.39a.73.73,0,0,0,.64-.32l1.9-2.38v.08a28.23,28.23,0,0,0,54.82,0,.82.82,0,0,0-.55-1,.81.81,0,0,0-1,.56,26.68,26.68,0,0,1-51.74.24l2.38,1.9a.86.86,0,0,0,1.11-.08.84.84,0,0,0-.08-1.11l-3.88-3.09a.76.76,0,0,0-.56-.16.79.79,0,0,0-.55.32L9.54,48.28a.84.84,0,0,0,.08,1.11Z\"><\/path><path class=\"cls-1\" d=\"M13.26,34.26a.81.81,0,0,0,1-.56,26.65,26.65,0,0,1,51.66-.55l-2.46-2.06a.79.79,0,0,0-1,1.19l3.88,3.09a.61.61,0,0,0,.48.15.72.72,0,0,0,.63-.31l3.09-3.89a.82.82,0,0,0-.08-1.1.85.85,0,0,0-1.11.07l-1.82,2.22a28.3,28.3,0,0,0-54.74.72A.75.75,0,0,0,13.26,34.26Z\"><\/path><path class=\"cls-1\" d=\"M53.11,40.75c3.41-4,2.54-13.94,2.46-14.34a.79.79,0,0,0-.32-.55.74.74,0,0,0-.55-.16c-.4,0-10.3,1-13.63,5.07A9.58,9.58,0,0,0,39.41,34c-5.87-2.3-13.63-2.54-14-2.54a.8.8,0,0,0-.79.8c0,.55-.32,13.94,4.6,19,3.16,3.33,8.24,4,12,4a39.36,39.36,0,0,0,5.15-.4h.16c.08,0,.15-.07.23-.15h0c.08-.08.08-.16.16-.24v-.16a26,26,0,0,0,.56-10.22A11.9,11.9,0,0,0,53.11,40.75Zm-10.77-9c2.06-2.53,7.44-3.72,10.46-4.2l-8.64,9.35a12.49,12.49,0,0,0-3.25-2.22A7.72,7.72,0,0,1,42.34,31.72Zm3.4,20.68L27.36,33.07c3.81.31,12.36,1.34,15.69,4.91C47.17,42.26,46.38,49.39,45.74,52.4ZM30.37,50.1c-3.32-3.48-4-12-4.12-15.84L44.56,53.51C41.47,53.83,34.18,54.06,30.37,50.1Zm16.88-7.68a13.59,13.59,0,0,0-2-4.36l8.87-9.67c.08,3-.08,8.72-2.22,11.33A8.85,8.85,0,0,1,47.25,42.42Z\"><\/path><\/svg>\t\t\t<\/div>\n\t\t<\/div>\n\t\t\t\t\t\t<\/div>\n\t\t\t\t<\/div>\n\t\t\t\t<div class=\"elementor-element elementor-element-2458dbb6 elementor-widget elementor-widget-text-editor\" data-id=\"2458dbb6\" data-element_type=\"widget\" data-widget_type=\"text-editor.default\">\n\t\t\t\t<div class=\"elementor-widget-container\">\n\t\t\t\t\t\t\t\t\t<p>We use low environmental impact energies in our facilities.<\/p>\n\t\t\t\t\t\t\t\t<\/div>\n\t\t\t\t<\/div>\n\t\t\t\t\t<\/div>\n\t\t<\/div>\n\t\t\t\t<div class=\"elementor-column elementor-col-33 elementor-inner-column elementor-element elementor-element-3dfa9f1a\" data-id=\"3dfa9f1a\" data-element_type=\"column\">\n\t\t\t<div class=\"elementor-widget-wrap elementor-element-populated\">\n\t\t\t\t\t\t<div class=\"elementor-element elementor-element-40fb993f elementor-view-default elementor-widget elementor-widget-icon\" data-id=\"40fb993f\" data-element_type=\"widget\" data-widget_type=\"icon.default\">\n\t\t\t\t<div class=\"elementor-widget-container\">\n\t\t\t\t\t\t\t<div class=\"elementor-icon-wrapper\">\n\t\t\t<div class=\"elementor-icon\">\n\t\t\t<svg xmlns=\"http:\/\/www.w3.org\/2000\/svg\" id=\"Layer_1\" data-name=\"Layer 1\" viewBox=\"0 0 80 80\"><defs><style>.cls-1{fill:#fff;}<\/style><\/defs><title>icones-rsc<\/title><path class=\"cls-1\" d=\"M21.58,70.51H58.42a4.44,4.44,0,0,0,4.43-4.43V10.25a.76.76,0,0,0-.77-.76H17.92a.76.76,0,0,0-.77.76V66.08A4.44,4.44,0,0,0,21.58,70.51ZM58.42,69H21.58a2.9,2.9,0,0,1-2.9-2.9V13.17l3.33,6a.77.77,0,0,0,.67.39H57.32a.77.77,0,0,0,.67-.39l3.33-6V66.08A2.9,2.9,0,0,1,58.42,69ZM19.22,11H60.78l-3.9,7H23.12Z\"><\/path><path class=\"cls-1\" d=\"M51,35.57a11.57,11.57,0,0,0-6.07.57,11.23,11.23,0,0,0-4.41-8.32.75.75,0,0,0-.94,0,11.23,11.23,0,0,0-4.41,8.32,11.57,11.57,0,0,0-6.07-.57.76.76,0,0,0-.66.75A11.61,11.61,0,0,0,39.24,47.9v6.92a.76.76,0,0,0,.76.76.77.77,0,0,0,.77-.76V47.9A11.62,11.62,0,0,0,51.61,36.32.76.76,0,0,0,51,35.57ZM39.24,46.37A10.09,10.09,0,0,1,29.94,37a8.22,8.22,0,0,1,6.42,1.66c2.56,2.21,2.85,6,2.88,6.69a.85.85,0,0,0,0,.13s0,.06,0,.09Zm.76-4.9a9.49,9.49,0,0,0-2.63-4,6.84,6.84,0,0,0-.74-.56A9.84,9.84,0,0,1,40,29.41,9.72,9.72,0,0,1,43.37,37a6.84,6.84,0,0,0-.74.56A9.49,9.49,0,0,0,40,41.47Zm.77,4.9v-.89a1,1,0,0,0,0-.14c0-.74.31-4.45,2.87-6.68A8.24,8.24,0,0,1,50.06,37,10.09,10.09,0,0,1,40.77,46.37Z\"><\/path><\/svg>\t\t\t<\/div>\n\t\t<\/div>\n\t\t\t\t\t\t<\/div>\n\t\t\t\t<\/div>\n\t\t\t\t<div class=\"elementor-element elementor-element-6da7008f elementor-widget elementor-widget-text-editor\" data-id=\"6da7008f\" data-element_type=\"widget\" data-widget_type=\"text-editor.default\">\n\t\t\t\t<div class=\"elementor-widget-container\">\n\t\t\t\t\t\t\t\t\t<p>We use 100% sustainable materials in our advertising.<\/p>\n\t\t\t\t\t\t\t\t<\/div>\n\t\t\t\t<\/div>\n\t\t\t\t\t<\/div>\n\t\t<\/div>\n\t\t\t\t<div class=\"elementor-column elementor-col-33 elementor-inner-column elementor-element elementor-element-3a6a08e6\" data-id=\"3a6a08e6\" data-element_type=\"column\">\n\t\t\t<div class=\"elementor-widget-wrap elementor-element-populated\">\n\t\t\t\t\t\t<div class=\"elementor-element elementor-element-19bdde82 elementor-view-default elementor-widget elementor-widget-icon\" data-id=\"19bdde82\" data-element_type=\"widget\" data-widget_type=\"icon.default\">\n\t\t\t\t<div class=\"elementor-widget-container\">\n\t\t\t\t\t\t\t<div class=\"elementor-icon-wrapper\">\n\t\t\t<div class=\"elementor-icon\">\n\t\t\t<svg xmlns=\"http:\/\/www.w3.org\/2000\/svg\" id=\"Layer_1\" data-name=\"Layer 1\" viewBox=\"0 0 80 80\"><defs><style>.cls-1{fill:#fff;}<\/style><\/defs><title>icones-rsc<\/title><path class=\"cls-1\" d=\"M63.52,57.46h0a.83.83,0,0,0,.57-.22.84.84,0,0,0,.24-.57v-1a.83.83,0,0,0-.23-.58.8.8,0,0,0-.56-.24h0a.8.8,0,0,0-.56.24.83.83,0,0,0-.23.58v1A.8.8,0,0,0,63.52,57.46Z\"><\/path><path class=\"cls-1\" d=\"M18.48,14.68h0a.81.81,0,0,0-.56.25.79.79,0,0,0-.23.57v1a.82.82,0,0,0,.8.82h0a.79.79,0,0,0,.56-.23.8.8,0,0,0,.24-.57v-1A.8.8,0,0,0,18.48,14.68Z\"><\/path><circle class=\"cls-1\" cx=\"34.14\" cy=\"40.49\" r=\"0.81\"><\/circle><path class=\"cls-1\" d=\"M43.94,36.88a.81.81,0,0,0,0-1.61.81.81,0,1,0,0,1.61Z\"><\/path><path class=\"cls-1\" d=\"M17.66,10.6v1a.82.82,0,0,0,.23.58.8.8,0,0,0,.57.24.83.83,0,0,0,.57-.22.82.82,0,0,0,.24-.57v-1a.8.8,0,0,0-.79-.82.81.81,0,0,0-.59.24A.83.83,0,0,0,17.66,10.6Z\"><\/path><path class=\"cls-1\" d=\"M39,69.24a.76.76,0,0,0,.57-.24.8.8,0,0,0,.24-.56.81.81,0,0,0-.81-.81.81.81,0,0,0,0,1.61Z\"><\/path><path class=\"cls-1\" d=\"M26.3,10.76a.81.81,0,1,0,.81.81A.8.8,0,0,0,26.3,10.76Z\"><\/path><path class=\"cls-1\" d=\"M20.42,12.72a.79.79,0,0,0-.56.23.8.8,0,0,0-.24.56.78.78,0,0,0,.22.58.8.8,0,0,0,.57.24h0v.18l0-.18h1a.82.82,0,0,0,.56-.22.81.81,0,0,0-.55-1.39h-1Z\"><\/path><path class=\"cls-1\" d=\"M22.65,59a30.31,30.31,0,0,1,5.49,1.13c2.78.75,5.66,1.53,8.62,1.17A26.89,26.89,0,0,0,48,57c.09-.06,9.24-6.3,13.76-9.44a3.16,3.16,0,0,0,.73-4.29A2.91,2.91,0,0,0,60.65,42a3,3,0,0,0-2.2.38l-.67.39-.17.1-.08-.18a2.83,2.83,0,0,0-.35-.65,3,3,0,0,0-1.86-1.17,2.79,2.79,0,0,0-2.16.4l-.7.44-.08-.19a3.53,3.53,0,0,0-.33-.58,3,3,0,0,0-1.86-1.18l-.15,0a2.87,2.87,0,0,0-2,.44l-1.76,1.17-.09-.16A2.2,2.2,0,0,0,46,40.9a3.08,3.08,0,0,0-1.77-1.17,2.93,2.93,0,0,0-2.28.39l-8.1,5.48-.12,0-5-1.83a8,8,0,0,0-5.17-.12l-.07,0h0c-.06,0-5.76,2.47-8.58,3.23a18.58,18.58,0,0,1-2,.32l-1.34.15a.8.8,0,0,0-.78.84.81.81,0,0,0,.81.77h.12l1.39-.15a15.71,15.71,0,0,0,2.18-.36A86.3,86.3,0,0,0,24,45.17a6.42,6.42,0,0,1,4.15.09l5.08,1.84.13,0,8.17,1.55a2,2,0,0,1,1.29.65,2.86,2.86,0,0,1,.47,1.2,1.18,1.18,0,0,1-.3,1,2.36,2.36,0,0,1-1.47.56L30.66,52h0a.81.81,0,0,0,0,1.61l10.9.08h.09a4,4,0,0,0,2.48-1,2.9,2.9,0,0,0,.77-2.27s0-.06,0-.09a5.19,5.19,0,0,0-.49-1.46l-.08-.14,9.72-6a1.37,1.37,0,0,1,1.81.29h0l.05.07a1.65,1.65,0,0,1,.25.59l0,.13-.11.06c-3.62,2.08-9.44,5.39-9.5,5.42a.82.82,0,0,0-.31,1.1.78.78,0,0,0,.49.38.81.81,0,0,0,.61-.07h0c.46-.26,9.62-5.47,11.92-6.84a1.65,1.65,0,0,1,1.87.34,1.34,1.34,0,0,1,.21,1.18,1.72,1.72,0,0,1-.54.86c-4.5,3.13-13.65,9.37-13.74,9.44a25.94,25.94,0,0,1-10.5,4.08c-2.36.28-4.85-.37-7.49-1.06a33.88,33.88,0,0,0-6.31-1.24,65.21,65.21,0,0,0-7,0h0a.8.8,0,0,0-.81.79.8.8,0,0,0,.79.82h.08c1.06-.05,2.67-.1,4.22-.1C21,58.93,21.89,59,22.65,59ZM36.08,46l6.74-4.57a1.36,1.36,0,0,1,1.83.38c.06.08.1.16.15.24l.1.2L38.55,46.5Zm7,1.53L43,47.51a4.51,4.51,0,0,0-1.19-.4l-1-.18,8.08-5.37a1.35,1.35,0,0,1,1.79.31h0l0,.07a1.38,1.38,0,0,1,.25.58l0,.12Z\"><\/path><path class=\"cls-1\" d=\"M15,13a.8.8,0,0,0-.24.56.83.83,0,0,0,.23.58.76.76,0,0,0,.56.24h1a.82.82,0,0,0,.56-.22.86.86,0,0,0,.25-.57.82.82,0,0,0-.79-.82h-1A.85.85,0,0,0,15,13Z\"><\/path><path class=\"cls-1\" d=\"M48.83,70.22A.85.85,0,0,0,49.4,70a.8.8,0,0,0,.24-.56v-1a.79.79,0,0,0-.79-.82h0a.8.8,0,0,0-.79.81v1a.83.83,0,0,0,.23.58A.8.8,0,0,0,48.83,70.22Z\"><\/path><path class=\"cls-1\" d=\"M29.42,14.51a.81.81,0,1,0,.8-.81A.8.8,0,0,0,29.42,14.51Z\"><\/path><path class=\"cls-1\" d=\"M45.88,67.28h1a.79.79,0,0,0,.56-.23.8.8,0,0,0-.54-1.38h0v-.18l0,.18h-1a.8.8,0,0,0-.56.22.77.77,0,0,0-.25.57A.81.81,0,0,0,45.88,67.28Z\"><\/path><path class=\"cls-1\" d=\"M51.76,67.28h0a.79.79,0,0,0,.56-.23.85.85,0,0,0,.25-.56.83.83,0,0,0-.23-.58.8.8,0,0,0-.57-.24h0v-.18l0,.18h-1a.84.84,0,0,0-.56.22.8.8,0,0,0-.24.57.81.81,0,0,0,.79.82Z\"><\/path><path class=\"cls-1\" d=\"M48,63.54v1a.81.81,0,0,0,.8.82h0a.79.79,0,0,0,.56-.23.8.8,0,0,0,.24-.57v-1a.8.8,0,0,0-.79-.82l0-.17h0v.17A.82.82,0,0,0,48,63.54Z\"><\/path><path class=\"cls-1\" d=\"M60.59,59.42h1a.79.79,0,0,0,.56-.23.76.76,0,0,0,.24-.57.8.8,0,0,0-.79-.81h-1A.82.82,0,0,0,60,58a.85.85,0,0,0-.24.57.81.81,0,0,0,.23.57A.82.82,0,0,0,60.59,59.42Z\"><\/path><path class=\"cls-1\" d=\"M66.46,59.42h0a.79.79,0,0,0,.56-.23.81.81,0,0,0-.55-1.38h-1a.8.8,0,0,0-.82.8.8.8,0,0,0,.8.81Z\"><\/path><path class=\"cls-1\" d=\"M63.52,62.37h0a.84.84,0,0,0,.57-.23.8.8,0,0,0,.24-.57v-1a.79.79,0,0,0-.23-.57.81.81,0,0,0-.56-.25h0A.77.77,0,0,0,63,60a.79.79,0,0,0-.23.57v1A.81.81,0,0,0,63.52,62.37Z\"><\/path><path class=\"cls-1\" d=\"M69.24,27.22h0a.78.78,0,0,0-.26-.56.79.79,0,0,0-.57-.22h-.09l-1.4.15a19.4,19.4,0,0,0-2.18.36A83.13,83.13,0,0,0,56,30.24a6.48,6.48,0,0,1-4.15-.1L46.81,28.3l-.13,0-8.17-1.55a2,2,0,0,1-1.3-.65,3,3,0,0,1-.46-1.2,1.15,1.15,0,0,1,.3-1,2.25,2.25,0,0,1,1.47-.56l10.82.07a1,1,0,0,0,.58-.22.86.86,0,0,0,.25-.57.81.81,0,0,0-.79-.82L38.47,21.7h-.09a3.89,3.89,0,0,0-2.48,1.05A2.87,2.87,0,0,0,35.13,25s0,.06,0,.09a4.89,4.89,0,0,0,.49,1.46l.08.15-9.73,6a1.35,1.35,0,0,1-1.8-.29h0l-.05-.07a1.31,1.31,0,0,1-.25-.59l0-.12.1-.07c3.62-2.08,9.45-5.39,9.51-5.42a.81.81,0,0,0,.3-1.1.77.77,0,0,0-.48-.38.84.84,0,0,0-.62.07c-.09.06-9.58,5.45-11.94,6.85a1.64,1.64,0,0,1-1.86-.34,1.31,1.31,0,0,1-.21-1.18,1.64,1.64,0,0,1,.54-.86c4.5-3.13,13.65-9.37,13.74-9.43a25.74,25.74,0,0,1,10.5-4.09c2.35-.28,4.85.37,7.49,1.06A33.72,33.72,0,0,0,57.23,18a65.21,65.21,0,0,0,7,0,.78.78,0,0,0,.58-.23.8.8,0,0,0,.24-.56.83.83,0,0,0-.23-.58.8.8,0,0,0-.56-.24H64.2c-1.71.08-4.86.17-6.85,0a29.48,29.48,0,0,1-5.49-1.13c-2.78-.75-5.66-1.53-8.62-1.16A26.78,26.78,0,0,0,32,18.45c-.1.06-9.24,6.3-13.76,9.44a3,3,0,0,0-1.18,1.79,3.06,3.06,0,0,0,.45,2.51,2.94,2.94,0,0,0,1.81,1.17,3.09,3.09,0,0,0,2.2-.37l.66-.4.18-.1.08.19a3,3,0,0,0,.35.64l0,0a2.94,2.94,0,0,0,1.84,1.14,2.76,2.76,0,0,0,2.15-.4l.71-.43.08.18a2.81,2.81,0,0,0,.33.59,3.06,3.06,0,0,0,1.86,1.17l.15,0a2.87,2.87,0,0,0,2-.44L33.74,34l.09.17a1.86,1.86,0,0,0,.21.31,3.14,3.14,0,0,0,1.76,1.18,3,3,0,0,0,2.29-.4l8.09-5.48.13,0,5,1.83a8,8,0,0,0,5.17.12l.07,0a90.76,90.76,0,0,1,8.58-3.23,18.31,18.31,0,0,1,2-.32l1.34-.15a.83.83,0,0,0,.58-.26A.79.79,0,0,0,69.24,27.22ZM31.09,33.84a1.21,1.21,0,0,1-.7.22,1.44,1.44,0,0,1-1.08-.52h0l-.06-.08a1.37,1.37,0,0,1-.24-.58l0-.11,8-4.93.09.05a4.39,4.39,0,0,0,1.19.4l1,.19Zm6.09.1a1.22,1.22,0,0,1-.69.21,1.46,1.46,0,0,1-1.14-.59,1.28,1.28,0,0,1-.15-.25l-.11-.19,6.36-4.22,2.47.47Z\"><\/path><circle class=\"cls-1\" cx=\"56.68\" cy=\"62.55\" r=\"0.81\"><\/circle><\/svg>\t\t\t<\/div>\n\t\t<\/div>\n\t\t\t\t\t\t<\/div>\n\t\t\t\t<\/div>\n\t\t\t\t<div class=\"elementor-element elementor-element-1077cc17 elementor-widget elementor-widget-text-editor\" data-id=\"1077cc17\" data-element_type=\"widget\" data-widget_type=\"text-editor.default\">\n\t\t\t\t<div class=\"elementor-widget-container\">\n\t\t\t\t\t\t\t\t\t<p>We collaborate in social causes through the involvement with its collaborators.<\/p>\n\t\t\t\t\t\t\t\t<\/div>\n\t\t\t\t<\/div>\n\t\t\t\t\t<\/div>\n\t\t<\/div>\n\t\t\t\t\t<\/div>\n\t\t<\/section>\n\t\t\t\t\t<\/div>\n\t\t<\/div>\n\t\t\t\t<div class=\"elementor-column elementor-col-50 elementor-top-column elementor-element elementor-element-86ff9c1\" data-id=\"86ff9c1\" data-element_type=\"column\">\n\t\t\t<div class=\"elementor-widget-wrap elementor-element-populated\">\n\t\t\t\t\t\t<div class=\"elementor-element elementor-element-51ef7829 elementor-widget elementor-widget-spacer\" data-id=\"51ef7829\" data-element_type=\"widget\" data-widget_type=\"spacer.default\">\n\t\t\t\t<div class=\"elementor-widget-container\">\n\t\t\t\t\t\t\t<div class=\"elementor-spacer\">\n\t\t\t<div class=\"elementor-spacer-inner\"><\/div>\n\t\t<\/div>\n\t\t\t\t\t\t<\/div>\n\t\t\t\t<\/div>\n\t\t\t\t\t<\/div>\n\t\t<\/div>\n\t\t\t\t\t<\/div>\n\t\t<\/section>\n\t\t\t\t<\/div>\n\t\t","protected":false},"excerpt":{"rendered":"<p>corporate social responsibility DOMIA GLOBAL is committed to Corporate Social Responsibility and manages its business activity by regulating its impact on its customers, collaborators, local communities, the environment and society in general. Caring for the planet, being sustainable, supporting socio-cultural development and helping those who need it most are the goals that accompany the business [&hellip;]<\/p>\n","protected":false},"author":1,"featured_media":0,"parent":0,"menu_order":0,"comment_status":"closed","ping_status":"closed","template":"elementor_header_footer","meta":{"footnotes":""},"class_list":["post-1673","page","type-page","status-publish","hentry"],"yoast_head":"<!-- This site is optimized with the Yoast SEO plugin v25.2 - https:\/\/yoast.com\/wordpress\/plugins\/seo\/ -->\n<title>Corporate Social Responsibility - Domia Global<\/title>\n<meta name=\"description\" content=\"DOMIA GLOBAL is committed to Corporate Social Responsibility and manages its business activity by regulating its impact on society in general.\" \/>\n<meta name=\"robots\" content=\"index, follow, max-snippet:-1, max-image-preview:large, max-video-preview:-1\" \/>\n<link rel=\"canonical\" href=\"http:\/\/domia.global\/en\/rsc\/\" \/>\n<meta property=\"og:locale\" content=\"en_US\" \/>\n<meta property=\"og:type\" content=\"article\" \/>\n<meta property=\"og:title\" content=\"Corporate Social Responsibility - Domia Global\" \/>\n<meta property=\"og:description\" content=\"DOMIA GLOBAL is committed to Corporate Social Responsibility and manages its business activity by regulating its impact on society in general.\" \/>\n<meta property=\"og:url\" content=\"http:\/\/domia.global\/en\/rsc\/\" \/>\n<meta property=\"og:site_name\" content=\"Domia Global\" \/>\n<meta property=\"article:modified_time\" content=\"2021-08-03T14:08:33+00:00\" \/>\n<meta property=\"og:image\" content=\"http:\/\/domia.global\/wp-content\/uploads\/2020\/03\/domia-global-opengraph.png\" \/>\n\t<meta property=\"og:image:width\" content=\"500\" \/>\n\t<meta property=\"og:image:height\" content=\"500\" \/>\n\t<meta property=\"og:image:type\" content=\"image\/png\" \/>\n<meta name=\"twitter:label1\" content=\"Est. reading time\" \/>\n\t<meta name=\"twitter:data1\" content=\"1 minute\" \/>\n<script type=\"application\/ld+json\" class=\"yoast-schema-graph\">{\"@context\":\"https:\/\/schema.org\",\"@graph\":[{\"@type\":\"WebPage\",\"@id\":\"http:\/\/domia.global\/en\/rsc\/\",\"url\":\"http:\/\/domia.global\/en\/rsc\/\",\"name\":\"Corporate Social Responsibility - Domia Global\",\"isPartOf\":{\"@id\":\"http:\/\/domia.global\/es\/#website\"},\"datePublished\":\"2020-06-04T06:53:56+00:00\",\"dateModified\":\"2021-08-03T14:08:33+00:00\",\"description\":\"DOMIA GLOBAL is committed to Corporate Social Responsibility and manages its business activity by regulating its impact on society in general.\",\"breadcrumb\":{\"@id\":\"http:\/\/domia.global\/en\/rsc\/#breadcrumb\"},\"inLanguage\":\"en-US\",\"potentialAction\":[{\"@type\":\"ReadAction\",\"target\":[\"http:\/\/domia.global\/en\/rsc\/\"]}]},{\"@type\":\"BreadcrumbList\",\"@id\":\"http:\/\/domia.global\/en\/rsc\/#breadcrumb\",\"itemListElement\":[{\"@type\":\"ListItem\",\"position\":1,\"name\":\"Portada\",\"item\":\"http:\/\/domia.global\/en\/\"},{\"@type\":\"ListItem\",\"position\":2,\"name\":\"RSC\"}]},{\"@type\":\"WebSite\",\"@id\":\"http:\/\/domia.global\/es\/#website\",\"url\":\"http:\/\/domia.global\/es\/\",\"name\":\"Domia Global\",\"description\":\"Domia Global ofereix serveis jur\u00eddics i de mediaci\u00f3, aix\u00ed com assessorament en l\u2019\u00e0mbit immobiliari, estudiant cada cas de forma personalitzada i global.\",\"publisher\":{\"@id\":\"http:\/\/domia.global\/es\/#organization\"},\"potentialAction\":[{\"@type\":\"SearchAction\",\"target\":{\"@type\":\"EntryPoint\",\"urlTemplate\":\"http:\/\/domia.global\/es\/?s={search_term_string}\"},\"query-input\":{\"@type\":\"PropertyValueSpecification\",\"valueRequired\":true,\"valueName\":\"search_term_string\"}}],\"inLanguage\":\"en-US\"},{\"@type\":\"Organization\",\"@id\":\"http:\/\/domia.global\/es\/#organization\",\"name\":\"Domia Global - Advocades Online\",\"url\":\"http:\/\/domia.global\/es\/\",\"logo\":{\"@type\":\"ImageObject\",\"inLanguage\":\"en-US\",\"@id\":\"http:\/\/domia.global\/es\/#\/schema\/logo\/image\/\",\"url\":\"http:\/\/domia.global\/wp-content\/uploads\/2020\/03\/domia-global-opengraph.png\",\"contentUrl\":\"http:\/\/domia.global\/wp-content\/uploads\/2020\/03\/domia-global-opengraph.png\",\"width\":500,\"height\":500,\"caption\":\"Domia Global - Advocades Online\"},\"image\":{\"@id\":\"http:\/\/domia.global\/es\/#\/schema\/logo\/image\/\"}}]}<\/script>\n<!-- \/ Yoast SEO plugin. -->","yoast_head_json":{"title":"Corporate Social Responsibility - Domia Global","description":"DOMIA GLOBAL is committed to Corporate Social Responsibility and manages its business activity by regulating its impact on society in general.","robots":{"index":"index","follow":"follow","max-snippet":"max-snippet:-1","max-image-preview":"max-image-preview:large","max-video-preview":"max-video-preview:-1"},"canonical":"http:\/\/domia.global\/en\/rsc\/","og_locale":"en_US","og_type":"article","og_title":"Corporate Social Responsibility - Domia Global","og_description":"DOMIA GLOBAL is committed to Corporate Social Responsibility and manages its business activity by regulating its impact on society in general.","og_url":"http:\/\/domia.global\/en\/rsc\/","og_site_name":"Domia Global","article_modified_time":"2021-08-03T14:08:33+00:00","og_image":[{"width":500,"height":500,"url":"http:\/\/domia.global\/wp-content\/uploads\/2020\/03\/domia-global-opengraph.png","type":"image\/png"}],"twitter_misc":{"Est. reading time":"1 minute"},"schema":{"@context":"https:\/\/schema.org","@graph":[{"@type":"WebPage","@id":"http:\/\/domia.global\/en\/rsc\/","url":"http:\/\/domia.global\/en\/rsc\/","name":"Corporate Social Responsibility - Domia Global","isPartOf":{"@id":"http:\/\/domia.global\/es\/#website"},"datePublished":"2020-06-04T06:53:56+00:00","dateModified":"2021-08-03T14:08:33+00:00","description":"DOMIA GLOBAL is committed to Corporate Social Responsibility and manages its business activity by regulating its impact on society in general.","breadcrumb":{"@id":"http:\/\/domia.global\/en\/rsc\/#breadcrumb"},"inLanguage":"en-US","potentialAction":[{"@type":"ReadAction","target":["http:\/\/domia.global\/en\/rsc\/"]}]},{"@type":"BreadcrumbList","@id":"http:\/\/domia.global\/en\/rsc\/#breadcrumb","itemListElement":[{"@type":"ListItem","position":1,"name":"Portada","item":"http:\/\/domia.global\/en\/"},{"@type":"ListItem","position":2,"name":"RSC"}]},{"@type":"WebSite","@id":"http:\/\/domia.global\/es\/#website","url":"http:\/\/domia.global\/es\/","name":"Domia Global","description":"Domia Global ofereix serveis jur\u00eddics i de mediaci\u00f3, aix\u00ed com assessorament en l\u2019\u00e0mbit immobiliari, estudiant cada cas de forma personalitzada i global.","publisher":{"@id":"http:\/\/domia.global\/es\/#organization"},"potentialAction":[{"@type":"SearchAction","target":{"@type":"EntryPoint","urlTemplate":"http:\/\/domia.global\/es\/?s={search_term_string}"},"query-input":{"@type":"PropertyValueSpecification","valueRequired":true,"valueName":"search_term_string"}}],"inLanguage":"en-US"},{"@type":"Organization","@id":"http:\/\/domia.global\/es\/#organization","name":"Domia Global - Advocades Online","url":"http:\/\/domia.global\/es\/","logo":{"@type":"ImageObject","inLanguage":"en-US","@id":"http:\/\/domia.global\/es\/#\/schema\/logo\/image\/","url":"http:\/\/domia.global\/wp-content\/uploads\/2020\/03\/domia-global-opengraph.png","contentUrl":"http:\/\/domia.global\/wp-content\/uploads\/2020\/03\/domia-global-opengraph.png","width":500,"height":500,"caption":"Domia Global - Advocades Online"},"image":{"@id":"http:\/\/domia.global\/es\/#\/schema\/logo\/image\/"}}]}},"_links":{"self":[{"href":"http:\/\/domia.global\/en\/wp-json\/wp\/v2\/pages\/1673","targetHints":{"allow":["GET"]}}],"collection":[{"href":"http:\/\/domia.global\/en\/wp-json\/wp\/v2\/pages"}],"about":[{"href":"http:\/\/domia.global\/en\/wp-json\/wp\/v2\/types\/page"}],"author":[{"embeddable":true,"href":"http:\/\/domia.global\/en\/wp-json\/wp\/v2\/users\/1"}],"replies":[{"embeddable":true,"href":"http:\/\/domia.global\/en\/wp-json\/wp\/v2\/comments?post=1673"}],"version-history":[{"count":9,"href":"http:\/\/domia.global\/en\/wp-json\/wp\/v2\/pages\/1673\/revisions"}],"predecessor-version":[{"id":3793,"href":"http:\/\/domia.global\/en\/wp-json\/wp\/v2\/pages\/1673\/revisions\/3793"}],"wp:attachment":[{"href":"http:\/\/domia.global\/en\/wp-json\/wp\/v2\/media?parent=1673"}],"curies":[{"name":"wp","href":"https:\/\/api.w.org\/{rel}","templated":true}]}}