{"id":1629,"date":"2020-06-03T13:51:05","date_gmt":"2020-06-03T12:51:05","guid":{"rendered":"https:\/\/www.domia.global\/social-neighborhood\/"},"modified":"2021-06-02T20:28:00","modified_gmt":"2021-06-02T19:28:00","slug":"social-neighborhood","status":"publish","type":"page","link":"http:\/\/domia.global\/en\/social-neighborhood\/","title":{"rendered":"Social \/ Neighborhood"},"content":{"rendered":"\t\t<div data-elementor-type=\"wp-page\" data-elementor-id=\"1629\" class=\"elementor elementor-1629 elementor-188\" data-elementor-post-type=\"page\">\n\t\t\t\t\t\t<section class=\"elementor-section elementor-top-section elementor-element elementor-element-e766d8a elementor-section-stretched elementor-section-full_width elementor-section-height-min-height elementor-section-items-bottom elementor-section-height-default\" data-id=\"e766d8a\" data-element_type=\"section\" data-settings=\"{&quot;stretch_section&quot;:&quot;section-stretched&quot;,&quot;background_background&quot;:&quot;classic&quot;}\">\n\t\t\t\t\t\t<div class=\"elementor-container elementor-column-gap-default\">\n\t\t\t\t\t<div class=\"elementor-column elementor-col-100 elementor-top-column elementor-element elementor-element-7a95bc3\" data-id=\"7a95bc3\" data-element_type=\"column\">\n\t\t\t<div class=\"elementor-widget-wrap elementor-element-populated\">\n\t\t\t\t\t\t<div class=\"elementor-element elementor-element-6ff62b4 elementor-widget elementor-widget-heading\" data-id=\"6ff62b4\" data-element_type=\"widget\" data-widget_type=\"heading.default\">\n\t\t\t\t<div class=\"elementor-widget-container\">\n\t\t\t\t\t<h1 class=\"elementor-heading-title elementor-size-default\">Social \/ neighborhood\n\n<\/h1>\t\t\t\t<\/div>\n\t\t\t\t<\/div>\n\t\t\t\t\t<\/div>\n\t\t<\/div>\n\t\t\t\t\t<\/div>\n\t\t<\/section>\n\t\t\t\t<section class=\"elementor-section elementor-top-section elementor-element elementor-element-b2aa975 elementor-section-boxed elementor-section-height-default elementor-section-height-default\" data-id=\"b2aa975\" data-element_type=\"section\" data-settings=\"{&quot;background_background&quot;:&quot;classic&quot;}\">\n\t\t\t\t\t\t<div class=\"elementor-container elementor-column-gap-wider\">\n\t\t\t\t\t<div class=\"elementor-column elementor-col-100 elementor-top-column elementor-element elementor-element-856ba76\" data-id=\"856ba76\" data-element_type=\"column\">\n\t\t\t<div class=\"elementor-widget-wrap elementor-element-populated\">\n\t\t\t\t\t\t<div class=\"elementor-element elementor-element-e9a4cab elementor-widget elementor-widget-text-editor\" data-id=\"e9a4cab\" data-element_type=\"widget\" data-widget_type=\"text-editor.default\">\n\t\t\t\t<div class=\"elementor-widget-container\">\n\t\t\t\t\t\t\t\t\t<p>Mediation in the social and neighborhood framework is used to resolve conflicts that arise from the living relationships of neighbors: noise, bad smells, construction, use of common areas, relationships between landlords and tenants, non-payers, community fees, etc.<\/p>\n\t\t\t\t\t\t\t\t<\/div>\n\t\t\t\t<\/div>\n\t\t\t\t<div class=\"elementor-element elementor-element-c8e4bae elementor-align-center elementor-mobile-align-center elementor-widget elementor-widget-button\" data-id=\"c8e4bae\" data-element_type=\"widget\" data-widget_type=\"button.default\">\n\t\t\t\t<div class=\"elementor-widget-container\">\n\t\t\t\t\t\t\t\t\t<div class=\"elementor-button-wrapper\">\n\t\t\t\t\t<a class=\"elementor-button elementor-button-link elementor-size-sm\" href=\"http:\/\/domia.global\/en\/services\/\">\n\t\t\t\t\t\t<span class=\"elementor-button-content-wrapper\">\n\t\t\t\t\t\t\t\t\t<span class=\"elementor-button-text\">&lt; BACK TO SERVICES<\/span>\n\t\t\t\t\t<\/span>\n\t\t\t\t\t<\/a>\n\t\t\t\t<\/div>\n\t\t\t\t\t\t\t\t<\/div>\n\t\t\t\t<\/div>\n\t\t\t\t\t<\/div>\n\t\t<\/div>\n\t\t\t\t\t<\/div>\n\t\t<\/section>\n\t\t\t\t<section class=\"elementor-section elementor-top-section elementor-element elementor-element-c087a1c elementor-section-boxed elementor-section-height-default elementor-section-height-default\" data-id=\"c087a1c\" data-element_type=\"section\" data-settings=\"{&quot;background_background&quot;:&quot;classic&quot;}\">\n\t\t\t\t\t\t<div class=\"elementor-container elementor-column-gap-wider\">\n\t\t\t\t\t<div class=\"elementor-column elementor-col-100 elementor-top-column elementor-element elementor-element-0f5f1b3\" data-id=\"0f5f1b3\" data-element_type=\"column\">\n\t\t\t<div class=\"elementor-widget-wrap elementor-element-populated\">\n\t\t\t\t\t\t<div class=\"elementor-element elementor-element-849b649 elementor-widget elementor-widget-heading\" data-id=\"849b649\" data-element_type=\"widget\" data-widget_type=\"heading.default\">\n\t\t\t\t<div class=\"elementor-widget-container\">\n\t\t\t\t\t<p class=\"elementor-heading-title elementor-size-default\">Leave us your details and we will contact you.<\/p>\t\t\t\t<\/div>\n\t\t\t\t<\/div>\n\t\t\t\t<div class=\"elementor-element elementor-element-7d72ef9 elementor-button-align-stretch elementor-widget elementor-widget-form\" data-id=\"7d72ef9\" data-element_type=\"widget\" data-settings=\"{&quot;button_width&quot;:&quot;25&quot;,&quot;step_next_label&quot;:&quot;Next&quot;,&quot;step_previous_label&quot;:&quot;Previous&quot;,&quot;step_type&quot;:&quot;number_text&quot;,&quot;step_icon_shape&quot;:&quot;circle&quot;}\" data-widget_type=\"form.default\">\n\t\t\t\t<div class=\"elementor-widget-container\">\n\t\t\t\t\t\t\t<form class=\"elementor-form\" method=\"post\" name=\"New Form\">\n\t\t\t<input type=\"hidden\" name=\"post_id\" value=\"1629\"\/>\n\t\t\t<input type=\"hidden\" name=\"form_id\" value=\"7d72ef9\"\/>\n\t\t\t<input type=\"hidden\" name=\"referer_title\" value=\"Domia Global\" \/>\n\n\t\t\t\n\t\t\t<div class=\"elementor-form-fields-wrapper elementor-labels-\">\n\t\t\t\t\t\t\t\t<div class=\"elementor-field-type-text elementor-field-group elementor-column elementor-field-group-nom elementor-col-33 elementor-field-required\">\n\t\t\t\t\t\t\t\t\t\t\t\t<label for=\"form-field-nom\" class=\"elementor-field-label elementor-screen-only\">\n\t\t\t\t\t\t\t\tName\t\t\t\t\t\t\t<\/label>\n\t\t\t\t\t\t\t\t\t\t\t\t\t\t<input size=\"1\" type=\"text\" name=\"form_fields[nom]\" id=\"form-field-nom\" class=\"elementor-field elementor-size-sm  elementor-field-textual\" placeholder=\"Name\" required=\"required\">\n\t\t\t\t\t\t\t\t\t\t\t<\/div>\n\t\t\t\t\t\t\t\t<div class=\"elementor-field-type-email elementor-field-group elementor-column elementor-field-group-email elementor-col-33 elementor-field-required\">\n\t\t\t\t\t\t\t\t\t\t\t\t<label for=\"form-field-email\" class=\"elementor-field-label elementor-screen-only\">\n\t\t\t\t\t\t\t\tEmail\t\t\t\t\t\t\t<\/label>\n\t\t\t\t\t\t\t\t\t\t\t\t\t\t<input size=\"1\" type=\"email\" name=\"form_fields[email]\" id=\"form-field-email\" class=\"elementor-field elementor-size-sm  elementor-field-textual\" placeholder=\"Email\" required=\"required\">\n\t\t\t\t\t\t\t\t\t\t\t<\/div>\n\t\t\t\t\t\t\t\t<div class=\"elementor-field-type-tel elementor-field-group elementor-column elementor-field-group-telefon elementor-col-33 elementor-field-required\">\n\t\t\t\t\t\t\t\t\t\t\t\t<label for=\"form-field-telefon\" class=\"elementor-field-label elementor-screen-only\">\n\t\t\t\t\t\t\t\tPhone\t\t\t\t\t\t\t<\/label>\n\t\t\t\t\t\t\t\t<input size=\"1\" type=\"tel\" name=\"form_fields[telefon]\" id=\"form-field-telefon\" class=\"elementor-field elementor-size-sm  elementor-field-textual\" placeholder=\"Phone\" required=\"required\" pattern=\"[0-9()#&amp;+*-=.]+\" title=\"Only numbers and phone characters (#, -, *, etc) are accepted.\">\n\n\t\t\t\t\t\t<\/div>\n\t\t\t\t\t\t\t\t<div class=\"elementor-field-type-acceptance elementor-field-group elementor-column elementor-field-group-privacitat elementor-col-50 elementor-field-required\">\n\t\t\t\t\t\t\t\t\t\t\t\t<label for=\"form-field-privacitat\" class=\"elementor-field-label elementor-screen-only\">\n\t\t\t\t\t\t\t\tpolitica\t\t\t\t\t\t\t<\/label>\n\t\t\t\t\t\t\t\t<div class=\"elementor-field-subgroup\">\n\t\t\t<span class=\"elementor-field-option\">\n\t\t\t\t<input type=\"checkbox\" name=\"form_fields[privacitat]\" id=\"form-field-privacitat\" class=\"elementor-field elementor-size-sm  elementor-acceptance-field\" required=\"required\">\n\t\t\t\t<label for=\"form-field-privacitat\">I have read and accept the<a href=\"http:\/\/domia.global\/en\/privacy-policy\/\">Privacy Policy<\/a> <\/label>\t\t\t<\/span>\n\t\t<\/div>\n\t\t\t\t\t\t<\/div>\n\t\t\t\t\t\t\t\t<div class=\"elementor-field-type-acceptance elementor-field-group elementor-column elementor-field-group-avis elementor-col-50 elementor-field-required\">\n\t\t\t\t\t\t\t\t\t\t\t\t<label for=\"form-field-avis\" class=\"elementor-field-label elementor-screen-only\">\n\t\t\t\t\t\t\t\tavis\t\t\t\t\t\t\t<\/label>\n\t\t\t\t\t\t\t\t<div class=\"elementor-field-subgroup\">\n\t\t\t<span class=\"elementor-field-option\">\n\t\t\t\t<input type=\"checkbox\" name=\"form_fields[avis]\" id=\"form-field-avis\" class=\"elementor-field elementor-size-sm  elementor-acceptance-field\" required=\"required\">\n\t\t\t\t<label for=\"form-field-avis\">I have read and accept the <a href=\"http:\/\/domia.global\/en\/legal-notice-and-cookies\/\">Legal Notice and Cookies<\/a> <\/label>\t\t\t<\/span>\n\t\t<\/div>\n\t\t\t\t\t\t<\/div>\n\t\t\t\t\t\t\t\t<div class=\"elementor-field-group elementor-column elementor-field-type-submit elementor-col-25 e-form__buttons\">\n\t\t\t\t\t<button class=\"elementor-button elementor-size-sm\" type=\"submit\">\n\t\t\t\t\t\t<span class=\"elementor-button-content-wrapper\">\n\t\t\t\t\t\t\t\t\t\t\t\t\t\t\t\t\t\t\t\t\t\t<span class=\"elementor-button-text\">Send<\/span>\n\t\t\t\t\t\t\t\t\t\t\t\t\t<\/span>\n\t\t\t\t\t<\/button>\n\t\t\t\t<\/div>\n\t\t\t<\/div>\n\t\t<\/form>\n\t\t\t\t\t\t<\/div>\n\t\t\t\t<\/div>\n\t\t\t\t\t<\/div>\n\t\t<\/div>\n\t\t\t\t\t<\/div>\n\t\t<\/section>\n\t\t\t\t<section class=\"elementor-section elementor-top-section elementor-element elementor-element-02a0fb3 elementor-section-boxed elementor-section-height-default elementor-section-height-default\" data-id=\"02a0fb3\" data-element_type=\"section\" data-settings=\"{&quot;background_background&quot;:&quot;classic&quot;}\">\n\t\t\t\t\t\t<div class=\"elementor-container elementor-column-gap-default\">\n\t\t\t\t\t<div class=\"elementor-column elementor-col-100 elementor-top-column elementor-element elementor-element-79bdd1b\" data-id=\"79bdd1b\" data-element_type=\"column\">\n\t\t\t<div class=\"elementor-widget-wrap elementor-element-populated\">\n\t\t\t\t\t\t<div class=\"elementor-element elementor-element-af62e1a elementor-widget elementor-widget-heading\" data-id=\"af62e1a\" data-element_type=\"widget\" data-widget_type=\"heading.default\">\n\t\t\t\t<div class=\"elementor-widget-container\">\n\t\t\t\t\t<p class=\"elementor-heading-title elementor-size-default\">Maybe you are also looking for\u2026?<\/p>\t\t\t\t<\/div>\n\t\t\t\t<\/div>\n\t\t\t\t<section class=\"elementor-section elementor-inner-section elementor-element elementor-element-1d53599 elementor-section-full_width elementor-section-height-default elementor-section-height-default\" data-id=\"1d53599\" data-element_type=\"section\">\n\t\t\t\t\t\t<div class=\"elementor-container elementor-column-gap-wider\">\n\t\t\t\t\t<div class=\"elementor-column elementor-col-50 elementor-inner-column elementor-element elementor-element-8b75767\" data-id=\"8b75767\" data-element_type=\"column\">\n\t\t\t<div class=\"elementor-widget-wrap elementor-element-populated\">\n\t\t\t\t\t\t<div class=\"elementor-element elementor-element-de42ea9 elementor-widget elementor-widget-image\" data-id=\"de42ea9\" data-element_type=\"widget\" data-widget_type=\"image.default\">\n\t\t\t\t<div class=\"elementor-widget-container\">\n\t\t\t\t\t\t\t\t\t\t\t\t\t\t\t\t<a href=\"http:\/\/domia.global\/en\/family\/\">\n\t\t\t\t\t\t\t<img fetchpriority=\"high\" decoding=\"async\" width=\"700\" height=\"700\" src=\"http:\/\/domia.global\/wp-content\/uploads\/2020\/03\/relacionat-familiar.jpg\" class=\"attachment-large size-large wp-image-1638\" alt=\"mediaci\u00f3 familiar\" srcset=\"http:\/\/domia.global\/wp-content\/uploads\/2020\/03\/relacionat-familiar.jpg 700w, http:\/\/domia.global\/wp-content\/uploads\/2020\/03\/relacionat-familiar-300x300.jpg 300w, http:\/\/domia.global\/wp-content\/uploads\/2020\/03\/relacionat-familiar-150x150.jpg 150w\" sizes=\"(max-width: 700px) 100vw, 700px\" \/>\t\t\t\t\t\t\t\t<\/a>\n\t\t\t\t\t\t\t\t\t\t\t\t\t\t\t<\/div>\n\t\t\t\t<\/div>\n\t\t\t\t<div class=\"elementor-element elementor-element-9175e18 elementor-widget elementor-widget-heading\" data-id=\"9175e18\" data-element_type=\"widget\" data-widget_type=\"heading.default\">\n\t\t\t\t<div class=\"elementor-widget-container\">\n\t\t\t\t\t<h3 class=\"elementor-heading-title elementor-size-default\"><a href=\"http:\/\/domia.global\/en\/family\/\">FAMILY<\/a><\/h3>\t\t\t\t<\/div>\n\t\t\t\t<\/div>\n\t\t\t\t<div class=\"elementor-element elementor-element-35b320f elementor-align-center elementor-widget elementor-widget-button\" data-id=\"35b320f\" data-element_type=\"widget\" data-widget_type=\"button.default\">\n\t\t\t\t<div class=\"elementor-widget-container\">\n\t\t\t\t\t\t\t\t\t<div class=\"elementor-button-wrapper\">\n\t\t\t\t\t<a class=\"elementor-button elementor-button-link elementor-size-sm\" href=\"http:\/\/domia.global\/en\/family\/\">\n\t\t\t\t\t\t<span class=\"elementor-button-content-wrapper\">\n\t\t\t\t\t\t\t\t\t<span class=\"elementor-button-text\">KNOW MORE<\/span>\n\t\t\t\t\t<\/span>\n\t\t\t\t\t<\/a>\n\t\t\t\t<\/div>\n\t\t\t\t\t\t\t\t<\/div>\n\t\t\t\t<\/div>\n\t\t\t\t\t<\/div>\n\t\t<\/div>\n\t\t\t\t<div class=\"elementor-column elementor-col-50 elementor-inner-column elementor-element elementor-element-9d7ce87\" data-id=\"9d7ce87\" data-element_type=\"column\">\n\t\t\t<div class=\"elementor-widget-wrap elementor-element-populated\">\n\t\t\t\t\t\t<div class=\"elementor-element elementor-element-0811074 elementor-widget elementor-widget-image\" data-id=\"0811074\" data-element_type=\"widget\" data-widget_type=\"image.default\">\n\t\t\t\t<div class=\"elementor-widget-container\">\n\t\t\t\t\t\t\t\t\t\t\t\t\t\t\t\t<a href=\"http:\/\/domia.global\/en\/commercial-mediation\/\">\n\t\t\t\t\t\t\t<img decoding=\"async\" width=\"700\" height=\"700\" src=\"http:\/\/domia.global\/wp-content\/uploads\/2020\/03\/relacionat-mercantil.jpg\" class=\"attachment-large size-large wp-image-1624\" alt=\"mercantil\" srcset=\"http:\/\/domia.global\/wp-content\/uploads\/2020\/03\/relacionat-mercantil.jpg 700w, http:\/\/domia.global\/wp-content\/uploads\/2020\/03\/relacionat-mercantil-300x300.jpg 300w, http:\/\/domia.global\/wp-content\/uploads\/2020\/03\/relacionat-mercantil-150x150.jpg 150w\" sizes=\"(max-width: 700px) 100vw, 700px\" \/>\t\t\t\t\t\t\t\t<\/a>\n\t\t\t\t\t\t\t\t\t\t\t\t\t\t\t<\/div>\n\t\t\t\t<\/div>\n\t\t\t\t<div class=\"elementor-element elementor-element-9257440 elementor-widget elementor-widget-heading\" data-id=\"9257440\" data-element_type=\"widget\" data-widget_type=\"heading.default\">\n\t\t\t\t<div class=\"elementor-widget-container\">\n\t\t\t\t\t<h3 class=\"elementor-heading-title elementor-size-default\"><a href=\"http:\/\/domia.global\/en\/commercial-mediation\/\">COMMERCIAL MEDIATION<\/a><\/h3>\t\t\t\t<\/div>\n\t\t\t\t<\/div>\n\t\t\t\t<div class=\"elementor-element elementor-element-f2514ed elementor-align-center elementor-widget elementor-widget-button\" data-id=\"f2514ed\" data-element_type=\"widget\" data-widget_type=\"button.default\">\n\t\t\t\t<div class=\"elementor-widget-container\">\n\t\t\t\t\t\t\t\t\t<div class=\"elementor-button-wrapper\">\n\t\t\t\t\t<a class=\"elementor-button elementor-button-link elementor-size-sm\" href=\"http:\/\/domia.global\/en\/commercial-mediation\/\">\n\t\t\t\t\t\t<span class=\"elementor-button-content-wrapper\">\n\t\t\t\t\t\t\t\t\t<span class=\"elementor-button-text\">KNOW MORE<\/span>\n\t\t\t\t\t<\/span>\n\t\t\t\t\t<\/a>\n\t\t\t\t<\/div>\n\t\t\t\t\t\t\t\t<\/div>\n\t\t\t\t<\/div>\n\t\t\t\t\t<\/div>\n\t\t<\/div>\n\t\t\t\t\t<\/div>\n\t\t<\/section>\n\t\t\t\t\t<\/div>\n\t\t<\/div>\n\t\t\t\t\t<\/div>\n\t\t<\/section>\n\t\t\t\t<\/div>\n\t\t","protected":false},"excerpt":{"rendered":"<p>Social \/ neighborhood Mediation in the social and neighborhood framework is used to resolve conflicts that arise from the living relationships of neighbors: noise, bad smells, construction, use of common areas, relationships between landlords and tenants, non-payers, community fees, etc. &lt; BACK TO SERVICES Leave us your details and we will contact you. Maybe you [&hellip;]<\/p>\n","protected":false},"author":1,"featured_media":0,"parent":0,"menu_order":0,"comment_status":"closed","ping_status":"closed","template":"elementor_header_footer","meta":{"footnotes":""},"class_list":["post-1629","page","type-page","status-publish","hentry"],"yoast_head":"<!-- This site is optimized with the Yoast SEO plugin v25.2 - https:\/\/yoast.com\/wordpress\/plugins\/seo\/ -->\n<title>Social \/ Neighborhood Mediation - Domia Global<\/title>\n<meta name=\"description\" content=\"Mediation in the social and neighborhood framework is used to resolve conflicts that arise from the coexistence of neighbors. Contact us!\" \/>\n<meta name=\"robots\" content=\"index, follow, max-snippet:-1, max-image-preview:large, max-video-preview:-1\" \/>\n<link rel=\"canonical\" href=\"http:\/\/domia.global\/en\/social-neighborhood\/\" \/>\n<meta property=\"og:locale\" content=\"en_US\" \/>\n<meta property=\"og:type\" content=\"article\" \/>\n<meta property=\"og:title\" content=\"Social \/ Neighborhood Mediation - Domia Global\" \/>\n<meta property=\"og:description\" content=\"Mediation in the social and neighborhood framework is used to resolve conflicts that arise from the coexistence of neighbors. Contact us!\" \/>\n<meta property=\"og:url\" content=\"http:\/\/domia.global\/en\/social-neighborhood\/\" \/>\n<meta property=\"og:site_name\" content=\"Domia Global\" \/>\n<meta property=\"article:modified_time\" content=\"2021-06-02T19:28:00+00:00\" \/>\n<meta property=\"og:image\" content=\"http:\/\/domia.global\/wp-content\/uploads\/2020\/03\/relacionat-familiar.jpg\" \/>\n<meta name=\"twitter:label1\" content=\"Est. reading time\" \/>\n\t<meta name=\"twitter:data1\" content=\"1 minute\" \/>\n<script type=\"application\/ld+json\" class=\"yoast-schema-graph\">{\"@context\":\"https:\/\/schema.org\",\"@graph\":[{\"@type\":\"WebPage\",\"@id\":\"http:\/\/domia.global\/en\/social-neighborhood\/\",\"url\":\"http:\/\/domia.global\/en\/social-neighborhood\/\",\"name\":\"Social \/ Neighborhood Mediation - Domia Global\",\"isPartOf\":{\"@id\":\"http:\/\/domia.global\/es\/#website\"},\"primaryImageOfPage\":{\"@id\":\"http:\/\/domia.global\/en\/social-neighborhood\/#primaryimage\"},\"image\":{\"@id\":\"http:\/\/domia.global\/en\/social-neighborhood\/#primaryimage\"},\"thumbnailUrl\":\"http:\/\/domia.global\/wp-content\/uploads\/2020\/03\/relacionat-familiar.jpg\",\"datePublished\":\"2020-06-03T12:51:05+00:00\",\"dateModified\":\"2021-06-02T19:28:00+00:00\",\"description\":\"Mediation in the social and neighborhood framework is used to resolve conflicts that arise from the coexistence of neighbors. Contact us!\",\"breadcrumb\":{\"@id\":\"http:\/\/domia.global\/en\/social-neighborhood\/#breadcrumb\"},\"inLanguage\":\"en-US\",\"potentialAction\":[{\"@type\":\"ReadAction\",\"target\":[\"http:\/\/domia.global\/en\/social-neighborhood\/\"]}]},{\"@type\":\"ImageObject\",\"inLanguage\":\"en-US\",\"@id\":\"http:\/\/domia.global\/en\/social-neighborhood\/#primaryimage\",\"url\":\"http:\/\/domia.global\/wp-content\/uploads\/2020\/03\/relacionat-familiar.jpg\",\"contentUrl\":\"http:\/\/domia.global\/wp-content\/uploads\/2020\/03\/relacionat-familiar.jpg\"},{\"@type\":\"BreadcrumbList\",\"@id\":\"http:\/\/domia.global\/en\/social-neighborhood\/#breadcrumb\",\"itemListElement\":[{\"@type\":\"ListItem\",\"position\":1,\"name\":\"Portada\",\"item\":\"http:\/\/domia.global\/en\/\"},{\"@type\":\"ListItem\",\"position\":2,\"name\":\"Social \/ Neighborhood\"}]},{\"@type\":\"WebSite\",\"@id\":\"http:\/\/domia.global\/es\/#website\",\"url\":\"http:\/\/domia.global\/es\/\",\"name\":\"Domia Global\",\"description\":\"Domia Global ofereix serveis jur\u00eddics i de mediaci\u00f3, aix\u00ed com assessorament en l\u2019\u00e0mbit immobiliari, estudiant cada cas de forma personalitzada i global.\",\"publisher\":{\"@id\":\"http:\/\/domia.global\/es\/#organization\"},\"potentialAction\":[{\"@type\":\"SearchAction\",\"target\":{\"@type\":\"EntryPoint\",\"urlTemplate\":\"http:\/\/domia.global\/es\/?s={search_term_string}\"},\"query-input\":{\"@type\":\"PropertyValueSpecification\",\"valueRequired\":true,\"valueName\":\"search_term_string\"}}],\"inLanguage\":\"en-US\"},{\"@type\":\"Organization\",\"@id\":\"http:\/\/domia.global\/es\/#organization\",\"name\":\"Domia Global - Advocades Online\",\"url\":\"http:\/\/domia.global\/es\/\",\"logo\":{\"@type\":\"ImageObject\",\"inLanguage\":\"en-US\",\"@id\":\"http:\/\/domia.global\/es\/#\/schema\/logo\/image\/\",\"url\":\"http:\/\/domia.global\/wp-content\/uploads\/2020\/03\/domia-global-opengraph.png\",\"contentUrl\":\"http:\/\/domia.global\/wp-content\/uploads\/2020\/03\/domia-global-opengraph.png\",\"width\":500,\"height\":500,\"caption\":\"Domia Global - Advocades Online\"},\"image\":{\"@id\":\"http:\/\/domia.global\/es\/#\/schema\/logo\/image\/\"}}]}<\/script>\n<!-- \/ Yoast SEO plugin. -->","yoast_head_json":{"title":"Social \/ Neighborhood Mediation - Domia Global","description":"Mediation in the social and neighborhood framework is used to resolve conflicts that arise from the coexistence of neighbors. Contact us!","robots":{"index":"index","follow":"follow","max-snippet":"max-snippet:-1","max-image-preview":"max-image-preview:large","max-video-preview":"max-video-preview:-1"},"canonical":"http:\/\/domia.global\/en\/social-neighborhood\/","og_locale":"en_US","og_type":"article","og_title":"Social \/ Neighborhood Mediation - Domia Global","og_description":"Mediation in the social and neighborhood framework is used to resolve conflicts that arise from the coexistence of neighbors. Contact us!","og_url":"http:\/\/domia.global\/en\/social-neighborhood\/","og_site_name":"Domia Global","article_modified_time":"2021-06-02T19:28:00+00:00","og_image":[{"url":"http:\/\/domia.global\/wp-content\/uploads\/2020\/03\/relacionat-familiar.jpg","type":"","width":"","height":""}],"twitter_misc":{"Est. reading time":"1 minute"},"schema":{"@context":"https:\/\/schema.org","@graph":[{"@type":"WebPage","@id":"http:\/\/domia.global\/en\/social-neighborhood\/","url":"http:\/\/domia.global\/en\/social-neighborhood\/","name":"Social \/ Neighborhood Mediation - Domia Global","isPartOf":{"@id":"http:\/\/domia.global\/es\/#website"},"primaryImageOfPage":{"@id":"http:\/\/domia.global\/en\/social-neighborhood\/#primaryimage"},"image":{"@id":"http:\/\/domia.global\/en\/social-neighborhood\/#primaryimage"},"thumbnailUrl":"http:\/\/domia.global\/wp-content\/uploads\/2020\/03\/relacionat-familiar.jpg","datePublished":"2020-06-03T12:51:05+00:00","dateModified":"2021-06-02T19:28:00+00:00","description":"Mediation in the social and neighborhood framework is used to resolve conflicts that arise from the coexistence of neighbors. Contact us!","breadcrumb":{"@id":"http:\/\/domia.global\/en\/social-neighborhood\/#breadcrumb"},"inLanguage":"en-US","potentialAction":[{"@type":"ReadAction","target":["http:\/\/domia.global\/en\/social-neighborhood\/"]}]},{"@type":"ImageObject","inLanguage":"en-US","@id":"http:\/\/domia.global\/en\/social-neighborhood\/#primaryimage","url":"http:\/\/domia.global\/wp-content\/uploads\/2020\/03\/relacionat-familiar.jpg","contentUrl":"http:\/\/domia.global\/wp-content\/uploads\/2020\/03\/relacionat-familiar.jpg"},{"@type":"BreadcrumbList","@id":"http:\/\/domia.global\/en\/social-neighborhood\/#breadcrumb","itemListElement":[{"@type":"ListItem","position":1,"name":"Portada","item":"http:\/\/domia.global\/en\/"},{"@type":"ListItem","position":2,"name":"Social \/ Neighborhood"}]},{"@type":"WebSite","@id":"http:\/\/domia.global\/es\/#website","url":"http:\/\/domia.global\/es\/","name":"Domia Global","description":"Domia Global ofereix serveis jur\u00eddics i de mediaci\u00f3, aix\u00ed com assessorament en l\u2019\u00e0mbit immobiliari, estudiant cada cas de forma personalitzada i global.","publisher":{"@id":"http:\/\/domia.global\/es\/#organization"},"potentialAction":[{"@type":"SearchAction","target":{"@type":"EntryPoint","urlTemplate":"http:\/\/domia.global\/es\/?s={search_term_string}"},"query-input":{"@type":"PropertyValueSpecification","valueRequired":true,"valueName":"search_term_string"}}],"inLanguage":"en-US"},{"@type":"Organization","@id":"http:\/\/domia.global\/es\/#organization","name":"Domia Global - Advocades Online","url":"http:\/\/domia.global\/es\/","logo":{"@type":"ImageObject","inLanguage":"en-US","@id":"http:\/\/domia.global\/es\/#\/schema\/logo\/image\/","url":"http:\/\/domia.global\/wp-content\/uploads\/2020\/03\/domia-global-opengraph.png","contentUrl":"http:\/\/domia.global\/wp-content\/uploads\/2020\/03\/domia-global-opengraph.png","width":500,"height":500,"caption":"Domia Global - Advocades Online"},"image":{"@id":"http:\/\/domia.global\/es\/#\/schema\/logo\/image\/"}}]}},"_links":{"self":[{"href":"http:\/\/domia.global\/en\/wp-json\/wp\/v2\/pages\/1629","targetHints":{"allow":["GET"]}}],"collection":[{"href":"http:\/\/domia.global\/en\/wp-json\/wp\/v2\/pages"}],"about":[{"href":"http:\/\/domia.global\/en\/wp-json\/wp\/v2\/types\/page"}],"author":[{"embeddable":true,"href":"http:\/\/domia.global\/en\/wp-json\/wp\/v2\/users\/1"}],"replies":[{"embeddable":true,"href":"http:\/\/domia.global\/en\/wp-json\/wp\/v2\/comments?post=1629"}],"version-history":[{"count":15,"href":"http:\/\/domia.global\/en\/wp-json\/wp\/v2\/pages\/1629\/revisions"}],"predecessor-version":[{"id":3564,"href":"http:\/\/domia.global\/en\/wp-json\/wp\/v2\/pages\/1629\/revisions\/3564"}],"wp:attachment":[{"href":"http:\/\/domia.global\/en\/wp-json\/wp\/v2\/media?parent=1629"}],"curies":[{"name":"wp","href":"https:\/\/api.w.org\/{rel}","templated":true}]}}